{"id":46,"date":"2022-07-29T23:02:16","date_gmt":"2022-07-29T21:02:16","guid":{"rendered":"http:\/\/aikidocarnelle.fr\/?page_id=46"},"modified":"2026-03-14T22:39:49","modified_gmt":"2026-03-14T21:39:49","slug":"accueil","status":"publish","type":"page","link":"https:\/\/aikidocarnelle.fr\/","title":{"rendered":""},"content":{"rendered":"\n<div class=\"wp-block-group\"><div class=\"wp-block-group__inner-container is-layout-flow wp-block-group-is-layout-flow\">\n<p class=\"has-medium-font-size\"><strong><em>Enfants, adultes, seniors, hommes, femmes,<br>l&rsquo;a\u00efkido est un art martial \u00e0 la port\u00e9e de tous<\/em><\/strong><\/p>\n\n\n\n<div class=\"wp-block-columns is-layout-flex wp-container-core-columns-is-layout-9d6595d7 wp-block-columns-is-layout-flex\">\n<div class=\"wp-block-column is-layout-flow wp-block-column-is-layout-flow\" style=\"flex-basis:100%\">\n<blockquote class=\"wp-block-quote is-layout-flow wp-block-quote-is-layout-flow\">\n<p><\/p>\n<\/blockquote>\n\n\n\n<figure class=\"wp-block-image size-full is-resized\"><img loading=\"lazy\" decoding=\"async\" width=\"531\" height=\"354\" src=\"http:\/\/aikidocarnelle.fr\/wp-content\/uploads\/2022\/07\/image.png\" alt=\"\" class=\"wp-image-53\" style=\"width:863px;height:575px\" srcset=\"https:\/\/aikidocarnelle.fr\/wp-content\/uploads\/2022\/07\/image.png 531w, https:\/\/aikidocarnelle.fr\/wp-content\/uploads\/2022\/07\/image-300x200.png 300w\" sizes=\"auto, (max-width: 531px) 85vw, 531px\" \/><figcaption class=\"wp-element-caption\"><strong>La r\u00e9ussite ne d\u00e9pend pas de la force physique, seulement de l&rsquo;ex\u00e9cution du geste juste au bon moment avec le bon d\u00e9placement<\/strong>.<\/figcaption><\/figure>\n<\/div>\n<\/div>\n<\/div><\/div>\n\n\n\n<h2 class=\"wp-block-heading\">Actualit\u00e9<\/h2>\n\n\n\n<p>Cette saison, les cours du samedi \u00e0 Saint-Martin ne sont assur\u00e9s qu&rsquo;environ une semaine deux.<br>Prochain cours : 14 mars.<\/p>\n\n\n\n<p><\/p>\n\n\n\n<h2 class=\"wp-block-heading\"><strong><em>Les cours se d\u00e9roulent sur deux sites<\/em><\/strong><\/h2>\n\n\n\n<p><strong>\u00e0 Belloy-en-France, salle polyvalente 16 rue Faubert :<\/strong><br>\u2013 le jeudi de 18 h 15 \u00e0 19 h 30 : adultes et enfants \u00e0 partir de 6 ans<br><strong>\u00e0 Saint-Martin-du-Tertre au dojo municipal 17 rue de Viarmes :<\/strong><br>\u2013 le samedi de 10 heures \u00e0 11 h 15 : adultes et enfants \u00e0 partir de 6 ans.<br><em><strong>L&rsquo;inscription au club permet de participer \u00e0 tous les cours sur les deux sites.<\/strong><\/em><\/p>\n\n\n\n<p><strong>Cours supprim\u00e9s ou avec horaires adapt\u00e9s pendant les vacances scolaires<\/strong>, se renseigner \u00e0 chaque fois aupr\u00e8s du club par mail ou t\u00e9l\u00e9phone.<\/p>\n\n\n\n<p><strong>Cours d&rsquo;essai gratuit possible \u00e0 tout moment de l&rsquo;ann\u00e9e,<\/strong> il suffit de se munir d&rsquo;une tenue souple, tee-shirt et pantalon de jogging. Pour la suite, il faut pr\u00e9voir l&rsquo;achat d&rsquo;un kimono type judo, d&rsquo;une ceinture blanche et d&rsquo;une paire de zooris (ou tongs ou claquettes) pour le d\u00e9placement entre le vestiaire et le tatami.<\/p>\n\n\n\n<p><em><strong>Acc\u00e8s \u00e0 la salle polyvalente de Belloy :<\/strong><\/em><br>Depuis la D909 entre la Croix-Verte et Viarmes, prendre la direction Belloy centre, au feu tourner \u00e0 droite. Une fois au niveau de la place de l&rsquo;\u00e9glise et de la mairie continuer en descendant la rue Faubert sur environ 200 m\u00e8tres et prendre la premi\u00e8re rue \u00e0 droite (il y a une grille qui est ouverte), remonter l&rsquo;all\u00e9e et se garer sur les places de stationnement, la salle polyvalente est un b\u00e2timent un peu plus haut sur la droite.<\/p>\n\n\n\n<p><em><strong>Acc\u00e8s au dojo de Saint-Martin-du Tertre :<\/strong><\/em><br>Depuis la D909 entre la Croix-Verte et Viarmes, prendre la direction Saint-Martin centre. Depuis la place de la mairie il y a des pancartes indiquant la direction du dojo municipal, qui se trouve sur le c\u00f4t\u00e9 de l&rsquo;\u00e9cole Langevin-Wallon, avec un parking juste en face.<\/p>\n\n\n\n<figure class=\"wp-block-gallery has-nested-images columns-default is-cropped wp-block-gallery-1 is-layout-flex wp-block-gallery-is-layout-flex\"><\/figure>\n\n\n\n<p><\/p>\n\n\n\n<figure class=\"wp-block-gallery has-nested-images columns-default is-cropped wp-block-gallery-2 is-layout-flex wp-block-gallery-is-layout-flex\"><\/figure>\n","protected":false},"excerpt":{"rendered":"<p>Enfants, adultes, seniors, hommes, femmes,l&rsquo;a\u00efkido est un art martial \u00e0 la port\u00e9e de tous Actualit\u00e9 Cette saison, les cours du samedi \u00e0 Saint-Martin ne sont assur\u00e9s qu&rsquo;environ une semaine deux.Prochain cours : 14 mars. Les cours se d\u00e9roulent sur deux sites \u00e0 Belloy-en-France, salle polyvalente 16 rue Faubert :\u2013 le jeudi de 18 h 15 &hellip; <a href=\"https:\/\/aikidocarnelle.fr\/\" class=\"more-link\">Continuer la lecture<span class=\"screen-reader-text\"> de &laquo;&nbsp;&nbsp;&raquo;<\/span><\/a><\/p>\n","protected":false},"author":1,"featured_media":0,"parent":0,"menu_order":0,"comment_status":"closed","ping_status":"closed","template":"","meta":{"footnotes":""},"class_list":["post-46","page","type-page","status-publish","hentry"],"_links":{"self":[{"href":"https:\/\/aikidocarnelle.fr\/index.php\/wp-json\/wp\/v2\/pages\/46","targetHints":{"allow":["GET"]}}],"collection":[{"href":"https:\/\/aikidocarnelle.fr\/index.php\/wp-json\/wp\/v2\/pages"}],"about":[{"href":"https:\/\/aikidocarnelle.fr\/index.php\/wp-json\/wp\/v2\/types\/page"}],"author":[{"embeddable":true,"href":"https:\/\/aikidocarnelle.fr\/index.php\/wp-json\/wp\/v2\/users\/1"}],"replies":[{"embeddable":true,"href":"https:\/\/aikidocarnelle.fr\/index.php\/wp-json\/wp\/v2\/comments?post=46"}],"version-history":[{"count":124,"href":"https:\/\/aikidocarnelle.fr\/index.php\/wp-json\/wp\/v2\/pages\/46\/revisions"}],"predecessor-version":[{"id":694,"href":"https:\/\/aikidocarnelle.fr\/index.php\/wp-json\/wp\/v2\/pages\/46\/revisions\/694"}],"wp:attachment":[{"href":"https:\/\/aikidocarnelle.fr\/index.php\/wp-json\/wp\/v2\/media?parent=46"}],"curies":[{"name":"wp","href":"https:\/\/api.w.org\/{rel}","templated":true}]}}