{"id":232,"date":"2022-08-03T19:00:40","date_gmt":"2022-08-03T17:00:40","guid":{"rendered":"https:\/\/aikidocarnelle.fr\/?page_id=232"},"modified":"2025-02-07T10:49:21","modified_gmt":"2025-02-07T09:49:21","slug":"letiquette","status":"publish","type":"page","link":"https:\/\/aikidocarnelle.fr\/index.php\/letiquette\/","title":{"rendered":"LE DOJO"},"content":{"rendered":"\n<p>Dans le dojo il convient d&rsquo;observer un certain nombre de r\u00e8gles permettant un apprentissage de la pratique dans de bonnes conditions, en harmonie avec l&rsquo;environnement et les partenaires.<\/p>\n\n\n\n<p>Pour les premiers cours, il est possible de pratiquer avec une tenue souple, tee-shirt et pantalon de jogging. Ensuite il convient d&rsquo;acheter un kimono type judo, une ceinture blanche et une paire de zooris ou de tongs pour aller du vestiaire au tatami. Le port du hakama (pantalon large bleu ou noir) n&rsquo;intervient qu&rsquo;apr\u00e8s plusieurs ann\u00e9es de pratique sur autorisation du professeur.<\/p>\n\n\n\n<p>On salue quand on entre et quand on sort du dojo, on salue quand on entre et quand on sort du tatami, on salue son partenaire quand on commence \u00e0 travailler avec lui et quand on a termin\u00e9.<\/p>\n\n\n\n<p>Pour ne pas blesser ses partenaires il faut avoir les ongles des mains et des pieds coup\u00e9s ras. Il convient de retirer tous les bijoux (colliers, bracelets, boucles d&rsquo;oreilles, montres) avant de monter sur le tatami et ne pas manger de bonbons ou m\u00e2cher de chewing-gums.<\/p>\n\n\n\n<p>On peut garder ses lunettes pour pratiquer mais on peut aussi les poser sur les zooris au bord du tapis et les reprendre quand il y a besoin. Il est fortement conseill\u00e9 que les cheveux longs soient attach\u00e9s au moyen d&rsquo;\u00e9lastiques.<\/p>\n\n\n\n<p>En dehors des moments de pratique, la position normale sur le tatami est en seiza, c&rsquo;est-\u00e0-dire \u00e0 genoux. En cas de probl\u00e8mes physiques il est possible de s&rsquo;asseoir en tailleur sans allonger les jambes ni sans s&rsquo;adosser \u00e0 un mur.<\/p>\n\n\n\n<p>Chaque cours commence et se termine par un salut collectif au kamiza et au professeur. En cas de retard, c&rsquo;est-\u00e0-dire apr\u00e8s le salut collectif, il convient d&rsquo;attendre sur le bord du tatami que le professeur fasse signe de se joindre au cours.<\/p>\n\n\n\n<p>Que ce soit pour boire ou soigner un petit bobo, enfant ou adulte, il ne faut jamais sortir du tatami sans pr\u00e9venir le professeur.<\/p>\n\n\n\n<p><\/p>\n","protected":false},"excerpt":{"rendered":"<p>Dans le dojo il convient d&rsquo;observer un certain nombre de r\u00e8gles permettant un apprentissage de la pratique dans de bonnes conditions, en harmonie avec l&rsquo;environnement et les partenaires. Pour les premiers cours, il est possible de pratiquer avec une tenue souple, tee-shirt et pantalon de jogging. Ensuite il convient d&rsquo;acheter un kimono type judo, une &hellip; <a href=\"https:\/\/aikidocarnelle.fr\/index.php\/letiquette\/\" class=\"more-link\">Continuer la lecture<span class=\"screen-reader-text\"> de &laquo;&nbsp;LE DOJO&nbsp;&raquo;<\/span><\/a><\/p>\n","protected":false},"author":1,"featured_media":0,"parent":0,"menu_order":0,"comment_status":"closed","ping_status":"closed","template":"","meta":{"footnotes":""},"class_list":["post-232","page","type-page","status-publish","hentry"],"_links":{"self":[{"href":"https:\/\/aikidocarnelle.fr\/index.php\/wp-json\/wp\/v2\/pages\/232","targetHints":{"allow":["GET"]}}],"collection":[{"href":"https:\/\/aikidocarnelle.fr\/index.php\/wp-json\/wp\/v2\/pages"}],"about":[{"href":"https:\/\/aikidocarnelle.fr\/index.php\/wp-json\/wp\/v2\/types\/page"}],"author":[{"embeddable":true,"href":"https:\/\/aikidocarnelle.fr\/index.php\/wp-json\/wp\/v2\/users\/1"}],"replies":[{"embeddable":true,"href":"https:\/\/aikidocarnelle.fr\/index.php\/wp-json\/wp\/v2\/comments?post=232"}],"version-history":[{"count":15,"href":"https:\/\/aikidocarnelle.fr\/index.php\/wp-json\/wp\/v2\/pages\/232\/revisions"}],"predecessor-version":[{"id":612,"href":"https:\/\/aikidocarnelle.fr\/index.php\/wp-json\/wp\/v2\/pages\/232\/revisions\/612"}],"wp:attachment":[{"href":"https:\/\/aikidocarnelle.fr\/index.php\/wp-json\/wp\/v2\/media?parent=232"}],"curies":[{"name":"wp","href":"https:\/\/api.w.org\/{rel}","templated":true}]}}