{"id":185,"date":"2022-08-03T11:23:12","date_gmt":"2022-08-03T09:23:12","guid":{"rendered":"https:\/\/aikidocarnelle.fr\/?page_id=185"},"modified":"2024-08-26T17:35:01","modified_gmt":"2024-08-26T15:35:01","slug":"laikido","status":"publish","type":"page","link":"https:\/\/aikidocarnelle.fr\/index.php\/laikido\/","title":{"rendered":"L&rsquo;AIKIDO"},"content":{"rendered":"\n<div class=\"wp-block-columns is-layout-flex wp-container-core-columns-is-layout-9d6595d7 wp-block-columns-is-layout-flex\">\n<div class=\"wp-block-column is-layout-flow wp-block-column-is-layout-flow\" style=\"flex-basis:50%\">\n<figure class=\"wp-block-image size-full is-resized\"><img loading=\"lazy\" decoding=\"async\" width=\"145\" height=\"190\" src=\"https:\/\/aikidocarnelle.fr\/wp-content\/uploads\/2022\/08\/osensei.jpg\" alt=\"\" class=\"wp-image-184\" style=\"width:170px;height:222px\"\/><figcaption class=\"wp-element-caption\">Morihei Ueshiba \u00ab\u00a0O Sensei\u00a0\u00bb<\/figcaption><\/figure>\n<\/div>\n\n\n\n<div class=\"wp-block-column is-layout-flow wp-block-column-is-layout-flow\" style=\"flex-basis:50%\"><\/div>\n<\/div>\n\n\n\n<p>L\u2019a\u00efkido est un art martial japonais cr\u00e9\u00e9 \u00e0 partir de 1925 par Morihei Ueshiba (1883-1969) en alliant l\u2019h\u00e9ritage des samoura\u00efs (travail sur soi, ma\u00eetrise de ses \u00e9motions et construction du corps) \u00e0 celui des arts martiaux chinois (travail sur la souplesse, utilisation d\u2019autres sources d\u2019\u00e9nergie que la simple puissance musculaire). C&rsquo;est avant tout un art martial de d\u00e9fense : il s\u2019agit d\u2019utiliser la force de l\u2019adversaire pour le d\u00e9s\u00e9quilibrer puis le ma\u00eetriser sans violence par une immobilisation ou une projection.<\/p>\n\n\n\n<p class=\"has-text-align-left\">L\u2019a\u00efkido a commenc\u00e9 \u00e0 se d\u00e9velopper en France dans les ann\u00e9es 50 avec Minoru Mochizuki, Tadashi Abe, Andr\u00e9 Nocquet puis Nobuyoshi Tamura. C&rsquo;est ce legs qui a donn\u00e9 naissance \u00e0 l&rsquo;a\u00efkido tel que nous le connaissons aujourd&rsquo;hui riche d&rsquo;un ensemble de techniques anciennes, que ce soit \u00e0 l&rsquo;aide d&rsquo;armes ou \u00e0 mains nues. Pour cette raison, l&rsquo;\u00e9tude de l&rsquo;a\u00efkido comprend celle du maniement des armes traditionnelles : <em>jo <\/em>(b\u00e2ton rempla\u00e7ant la lance), <em>bokken <\/em>(sabre) et <em>tanto<\/em> (couteau).<\/p>\n\n\n\n<p>Accessible \u00e0 tous quels que soient l&rsquo;\u00e2ge et le sexe, la pratique de l&rsquo;a\u00efkido d\u00e9veloppe les facult\u00e9s de concentration et de ma\u00eetrise de soi. Elle permet notamment une meilleure r\u00e9action dans les situations d&rsquo;agression et aide \u00e0 \u00e9vacuer le stress. Elle fait en outre travailler le rel\u00e2chement musculaire et la coordination du corps, tout en favorisant l&rsquo;endurance et le dynamisme.<\/p>\n\n\n\n<p>&nbsp;A\u00cf : union, unification, harmonie<br>KI : \u00e9nergie vitale<br>DO : voie, perspective, recherche<\/p>\n\n\n\n<p><\/p>\n","protected":false},"excerpt":{"rendered":"<p>L\u2019a\u00efkido est un art martial japonais cr\u00e9\u00e9 \u00e0 partir de 1925 par Morihei Ueshiba (1883-1969) en alliant l\u2019h\u00e9ritage des samoura\u00efs (travail sur soi, ma\u00eetrise de ses \u00e9motions et construction du corps) \u00e0 celui des arts martiaux chinois (travail sur la souplesse, utilisation d\u2019autres sources d\u2019\u00e9nergie que la simple puissance musculaire). C&rsquo;est avant tout un art &hellip; <a href=\"https:\/\/aikidocarnelle.fr\/index.php\/laikido\/\" class=\"more-link\">Continuer la lecture<span class=\"screen-reader-text\"> de &laquo;&nbsp;L&rsquo;AIKIDO&nbsp;&raquo;<\/span><\/a><\/p>\n","protected":false},"author":1,"featured_media":0,"parent":0,"menu_order":0,"comment_status":"closed","ping_status":"closed","template":"","meta":{"footnotes":""},"class_list":["post-185","page","type-page","status-publish","hentry"],"_links":{"self":[{"href":"https:\/\/aikidocarnelle.fr\/index.php\/wp-json\/wp\/v2\/pages\/185","targetHints":{"allow":["GET"]}}],"collection":[{"href":"https:\/\/aikidocarnelle.fr\/index.php\/wp-json\/wp\/v2\/pages"}],"about":[{"href":"https:\/\/aikidocarnelle.fr\/index.php\/wp-json\/wp\/v2\/types\/page"}],"author":[{"embeddable":true,"href":"https:\/\/aikidocarnelle.fr\/index.php\/wp-json\/wp\/v2\/users\/1"}],"replies":[{"embeddable":true,"href":"https:\/\/aikidocarnelle.fr\/index.php\/wp-json\/wp\/v2\/comments?post=185"}],"version-history":[{"count":23,"href":"https:\/\/aikidocarnelle.fr\/index.php\/wp-json\/wp\/v2\/pages\/185\/revisions"}],"predecessor-version":[{"id":566,"href":"https:\/\/aikidocarnelle.fr\/index.php\/wp-json\/wp\/v2\/pages\/185\/revisions\/566"}],"wp:attachment":[{"href":"https:\/\/aikidocarnelle.fr\/index.php\/wp-json\/wp\/v2\/media?parent=185"}],"curies":[{"name":"wp","href":"https:\/\/api.w.org\/{rel}","templated":true}]}}